{"id":8,"date":"2024-09-09T19:31:46","date_gmt":"2024-09-09T22:31:46","guid":{"rendered":"http:\/\/etvcentrominas.com.br\/?page_id=8"},"modified":"2025-06-03T19:52:05","modified_gmt":"2025-06-03T22:52:05","slug":"etv-centro-minas","status":"publish","type":"page","link":"http:\/\/etvcentrominas.com.br\/","title":{"rendered":"ETV Centro Minas"},"content":{"rendered":"\t\t<div data-elementor-type=\"wp-page\" data-elementor-id=\"8\" class=\"elementor elementor-8\">\n\t\t\t\t<div class=\"elementor-element elementor-element-0b5a419 e-flex e-con-boxed e-con e-parent\" data-id=\"0b5a419\" data-element_type=\"container\" data-e-type=\"container\">\n\t\t\t\t\t<div class=\"e-con-inner\">\n\t\t\t\t<div class=\"elementor-element elementor-element-35f0eec elementor-widget elementor-widget-image\" data-id=\"35f0eec\" data-element_type=\"widget\" data-e-type=\"widget\" data-widget_type=\"image.default\">\n\t\t\t\t<div class=\"elementor-widget-container\">\n\t\t\t\t\t\t\t\t\t\t\t\t\t\t\t<img fetchpriority=\"high\" decoding=\"async\" width=\"525\" height=\"563\" src=\"http:\/\/etvcentrominas.com.br\/wp-content\/uploads\/2024\/09\/etvcentrominas.png\" class=\"attachment-large size-large wp-image-16\" alt=\"\" srcset=\"http:\/\/etvcentrominas.com.br\/wp-content\/uploads\/2024\/09\/etvcentrominas.png 838w, http:\/\/etvcentrominas.com.br\/wp-content\/uploads\/2024\/09\/etvcentrominas-280x300.png 280w, http:\/\/etvcentrominas.com.br\/wp-content\/uploads\/2024\/09\/etvcentrominas-768x823.png 768w\" sizes=\"100vw\" \/>\t\t\t\t\t\t\t\t\t\t\t\t\t\t\t<\/div>\n\t\t\t\t<\/div>\n\t\t\t\t\t<\/div>\n\t\t\t\t<\/div>\n\t\t<div class=\"elementor-element elementor-element-5720634 e-flex e-con-boxed e-con e-parent\" data-id=\"5720634\" data-element_type=\"container\" data-e-type=\"container\" data-settings=\"{&quot;background_background&quot;:&quot;classic&quot;}\">\n\t\t\t\t\t<div class=\"e-con-inner\">\n\t\t\t\t<div class=\"elementor-element elementor-element-0ec03ae elementor-widget elementor-widget-text-editor\" data-id=\"0ec03ae\" data-element_type=\"widget\" data-e-type=\"widget\" data-widget_type=\"text-editor.default\">\n\t\t\t\t<div class=\"elementor-widget-container\">\n\t\t\t\t\t\t\t\t\t<p>O Canal 22.1 UHF, 12 TV A CABO, CANAL 22.1,\u00a0 22.2, 22.3, 22.4, SKY &#8211; CLARO &#8211; OI TV &#8211; VIVO TV, que iniciou suas ope.ra\u00e7\u00f5es em 1992 como retransmissora de sinais de TV, transformou-se em gerado em 2002, mantendo a partir dessa data capacidade autorizada para gerar 24 horas\/dia de programa\u00e7\u00e3o pr\u00f3pria, direcionada ao telespectador da Regi\u00e3o Central do Estado de Minas Gerais. Com moderno sistema de transmiss\u00e3o instalado na Serra Curral, Belo Horizonte, com 10.000 watts de pot\u00eancia &#8211; ERP, a ETV CentroMinas cobre uma \u00e1rea geogr\u00e1fica composta por cerca de 60 munic\u00edpios, que totaliza mais de 10 milh\u00f5es de telespectadores. Essa ampla \u00e1rea engloba a Regi\u00e3o Metropolitana de BH (RMB) e cidades, Polos Regionais que \u00e9 Sete Lagoas, com mais de 240 mil habitantes (Avalia\u00e7\u00e3o da Revista \u201cVeja\u201d, edi\u00e7\u00e3o de novembro de 2018); as tr\u00eas Cidades de porte m\u00e9dio (Pedro Leopoldo, Curvelo, e Pomp\u00e9u) e uma constela\u00e7\u00e3o de munic\u00edpios que t\u00eam Sete Lagoas como centro de compras e fornecedora de varia gama de servi\u00e7os.<\/p>\t\t\t\t\t\t\t\t<\/div>\n\t\t\t\t<\/div>\n\t\t\t\t\t<\/div>\n\t\t\t\t<\/div>\n\t\t<div class=\"elementor-element elementor-element-1f6fb4e e-flex e-con-boxed e-con e-parent\" data-id=\"1f6fb4e\" data-element_type=\"container\" data-e-type=\"container\" data-settings=\"{&quot;background_background&quot;:&quot;classic&quot;}\">\n\t\t\t\t\t<div class=\"e-con-inner\">\n\t\t\t\t<div class=\"elementor-element elementor-element-9e3cf70 elementor-widget elementor-widget-text-editor\" data-id=\"9e3cf70\" data-element_type=\"widget\" data-e-type=\"widget\" data-widget_type=\"text-editor.default\">\n\t\t\t\t<div class=\"elementor-widget-container\">\n\t\t\t\t\t\t\t\t\t<p>\u00c1REA DE COBERTURA<\/p>\t\t\t\t\t\t\t\t<\/div>\n\t\t\t\t<\/div>\n\t\t\t\t<div class=\"elementor-element elementor-element-a771910 elementor-widget elementor-widget-image\" data-id=\"a771910\" data-element_type=\"widget\" data-e-type=\"widget\" data-widget_type=\"image.default\">\n\t\t\t\t<div class=\"elementor-widget-container\">\n\t\t\t\t\t\t\t\t\t\t\t\t\t\t\t<img decoding=\"async\" width=\"525\" height=\"355\" src=\"http:\/\/etvcentrominas.com.br\/wp-content\/uploads\/2024\/09\/mapa-1024x693.png\" class=\"attachment-large size-large wp-image-24\" alt=\"\" srcset=\"http:\/\/etvcentrominas.com.br\/wp-content\/uploads\/2024\/09\/mapa-1024x693.png 1024w, http:\/\/etvcentrominas.com.br\/wp-content\/uploads\/2024\/09\/mapa-300x203.png 300w, http:\/\/etvcentrominas.com.br\/wp-content\/uploads\/2024\/09\/mapa-768x520.png 768w, http:\/\/etvcentrominas.com.br\/wp-content\/uploads\/2024\/09\/mapa-1536x1039.png 1536w, http:\/\/etvcentrominas.com.br\/wp-content\/uploads\/2024\/09\/mapa-2048x1386.png 2048w\" sizes=\"100vw\" \/>\t\t\t\t\t\t\t\t\t\t\t\t\t\t\t<\/div>\n\t\t\t\t<\/div>\n\t\t\t\t\t<\/div>\n\t\t\t\t<\/div>\n\t\t<div class=\"elementor-element elementor-element-e7c77a7 e-flex e-con-boxed e-con e-parent\" data-id=\"e7c77a7\" data-element_type=\"container\" data-e-type=\"container\">\n\t\t\t\t\t<div class=\"e-con-inner\">\n\t\t\t\t<div class=\"elementor-element elementor-element-d88c9e8 elementor-widget elementor-widget-text-editor\" data-id=\"d88c9e8\" data-element_type=\"widget\" data-e-type=\"widget\" data-widget_type=\"text-editor.default\">\n\t\t\t\t<div class=\"elementor-widget-container\">\n\t\t\t\t\t\t\t\t\t<p>Para atender a esse mercado, a ETV CentroMinas realiza pesquisas e faz investimentos em gera\u00e7\u00e3o e produ\u00e7\u00e3o, procurando atender \u00e0s voca\u00e7\u00f5es regionais e satisfazer as necessidades dos telespectadores em informa\u00e7\u00e3o, entretenimento, cultura e servi\u00e7os. Al\u00e9m disso, a emissora vem implementando uma pol\u00edtica de parcerias que visa fortalecer sua presen\u00e7a no mercado, cumprindo suas obriga\u00e7\u00f5es legais e posicionando-se como a melhor alternativa de m\u00eddia. Exemplo de parceiro \u00e9 a FECAPA &#8211; EAD.<\/p>\t\t\t\t\t\t\t\t<\/div>\n\t\t\t\t<\/div>\n\t\t\t\t\t<\/div>\n\t\t\t\t<\/div>\n\t\t<div class=\"elementor-element elementor-element-bfa88a4 e-flex e-con-boxed e-con e-parent\" data-id=\"bfa88a4\" data-element_type=\"container\" data-e-type=\"container\" data-settings=\"{&quot;background_background&quot;:&quot;classic&quot;}\">\n\t\t\t\t\t<div class=\"e-con-inner\">\n\t\t<div class=\"elementor-element elementor-element-646b66f e-con-full e-flex e-con e-child\" data-id=\"646b66f\" data-element_type=\"container\" data-e-type=\"container\">\n\t\t\t\t<div class=\"elementor-element elementor-element-933529e elementor-icon-list--layout-traditional elementor-list-item-link-full_width elementor-widget elementor-widget-icon-list\" data-id=\"933529e\" data-element_type=\"widget\" data-e-type=\"widget\" data-widget_type=\"icon-list.default\">\n\t\t\t\t<div class=\"elementor-widget-container\">\n\t\t\t\t\t\t\t<ul class=\"elementor-icon-list-items\">\n\t\t\t\t\t\t\t<li class=\"elementor-icon-list-item\">\n\t\t\t\t\t\t\t\t\t\t\t<span class=\"elementor-icon-list-icon\">\n\t\t\t\t\t\t\t<svg aria-hidden=\"true\" class=\"e-font-icon-svg e-far-envelope\" viewBox=\"0 0 512 512\" xmlns=\"http:\/\/www.w3.org\/2000\/svg\"><path d=\"M464 64H48C21.49 64 0 85.49 0 112v288c0 26.51 21.49 48 48 48h416c26.51 0 48-21.49 48-48V112c0-26.51-21.49-48-48-48zm0 48v40.805c-22.422 18.259-58.168 46.651-134.587 106.49-16.841 13.247-50.201 45.072-73.413 44.701-23.208.375-56.579-31.459-73.413-44.701C106.18 199.465 70.425 171.067 48 152.805V112h416zM48 400V214.398c22.914 18.251 55.409 43.862 104.938 82.646 21.857 17.205 60.134 55.186 103.062 54.955 42.717.231 80.509-37.199 103.053-54.947 49.528-38.783 82.032-64.401 104.947-82.653V400H48z\"><\/path><\/svg>\t\t\t\t\t\t<\/span>\n\t\t\t\t\t\t\t\t\t\t<span class=\"elementor-icon-list-text\">fundacao.doc@gmail.com<\/span>\n\t\t\t\t\t\t\t\t\t<\/li>\n\t\t\t\t\t\t\t\t<li class=\"elementor-icon-list-item\">\n\t\t\t\t\t\t\t\t\t\t\t<span class=\"elementor-icon-list-icon\">\n\t\t\t\t\t\t\t<svg aria-hidden=\"true\" class=\"e-font-icon-svg e-fas-phone-alt\" viewBox=\"0 0 512 512\" xmlns=\"http:\/\/www.w3.org\/2000\/svg\"><path d=\"M497.39 361.8l-112-48a24 24 0 0 0-28 6.9l-49.6 60.6A370.66 370.66 0 0 1 130.6 204.11l60.6-49.6a23.94 23.94 0 0 0 6.9-28l-48-112A24.16 24.16 0 0 0 122.6.61l-104 24A24 24 0 0 0 0 48c0 256.5 207.9 464 464 464a24 24 0 0 0 23.4-18.6l24-104a24.29 24.29 0 0 0-14.01-27.6z\"><\/path><\/svg>\t\t\t\t\t\t<\/span>\n\t\t\t\t\t\t\t\t\t\t<span class=\"elementor-icon-list-text\">(31) 99820-2838<\/span>\n\t\t\t\t\t\t\t\t\t<\/li>\n\t\t\t\t\t\t<\/ul>\n\t\t\t\t\t\t<\/div>\n\t\t\t\t<\/div>\n\t\t\t\t<\/div>\n\t\t<div class=\"elementor-element elementor-element-ba1d396 e-con-full e-flex e-con e-child\" data-id=\"ba1d396\" data-element_type=\"container\" data-e-type=\"container\">\n\t\t\t\t<div class=\"elementor-element elementor-element-653125c elementor-widget elementor-widget-text-editor\" data-id=\"653125c\" data-element_type=\"widget\" data-e-type=\"widget\" data-widget_type=\"text-editor.default\">\n\t\t\t\t<div class=\"elementor-widget-container\">\n\t\t\t\t\t\t\t\t\t<p>Rua Ov\u00eddio Joaquim de Souza, n\u00ba 2222, bairro Jardim Arizona &#8211; CEP 35700-372<\/p>\t\t\t\t\t\t\t\t<\/div>\n\t\t\t\t<\/div>\n\t\t\t\t<\/div>\n\t\t\t\t<div class=\"elementor-element elementor-element-a681a86 elementor-widget elementor-widget-text-editor\" data-id=\"a681a86\" data-element_type=\"widget\" data-e-type=\"widget\" data-widget_type=\"text-editor.default\">\n\t\t\t\t<div class=\"elementor-widget-container\">\n\t\t\t\t\t\t\t\t\t<p>Todos os direitos reservados<\/p>\t\t\t\t\t\t\t\t<\/div>\n\t\t\t\t<\/div>\n\t\t\t\t\t<\/div>\n\t\t\t\t<\/div>\n\t\t\t\t<\/div>\n\t\t","protected":false},"excerpt":{"rendered":"<p>O Canal 22.1 UHF, 12 TV A CABO, CANAL 22.1,\u00a0 22.2, 22.3, 22.4, SKY &#8211; CLARO &#8211; OI TV &#8211; VIVO TV, que iniciou suas ope.ra\u00e7\u00f5es em 1992 como retransmissora de sinais de TV, transformou-se em gerado em 2002, mantendo a partir dessa data capacidade autorizada para gerar 24 horas\/dia de programa\u00e7\u00e3o pr\u00f3pria, direcionada ao &hellip; <\/p>\n<p class=\"link-more\"><a href=\"http:\/\/etvcentrominas.com.br\/\" class=\"more-link\">Continue lendo<span class=\"screen-reader-text\"> &#8220;ETV Centro Minas&#8221;<\/span><\/a><\/p>\n","protected":false},"author":1,"featured_media":0,"parent":0,"menu_order":0,"comment_status":"closed","ping_status":"closed","template":"elementor_canvas","meta":{"footnotes":""},"class_list":["post-8","page","type-page","status-publish","hentry"],"_links":{"self":[{"href":"http:\/\/etvcentrominas.com.br\/index.php?rest_route=\/wp\/v2\/pages\/8","targetHints":{"allow":["GET"]}}],"collection":[{"href":"http:\/\/etvcentrominas.com.br\/index.php?rest_route=\/wp\/v2\/pages"}],"about":[{"href":"http:\/\/etvcentrominas.com.br\/index.php?rest_route=\/wp\/v2\/types\/page"}],"author":[{"embeddable":true,"href":"http:\/\/etvcentrominas.com.br\/index.php?rest_route=\/wp\/v2\/users\/1"}],"replies":[{"embeddable":true,"href":"http:\/\/etvcentrominas.com.br\/index.php?rest_route=%2Fwp%2Fv2%2Fcomments&post=8"}],"version-history":[{"count":58,"href":"http:\/\/etvcentrominas.com.br\/index.php?rest_route=\/wp\/v2\/pages\/8\/revisions"}],"predecessor-version":[{"id":80,"href":"http:\/\/etvcentrominas.com.br\/index.php?rest_route=\/wp\/v2\/pages\/8\/revisions\/80"}],"wp:attachment":[{"href":"http:\/\/etvcentrominas.com.br\/index.php?rest_route=%2Fwp%2Fv2%2Fmedia&parent=8"}],"curies":[{"name":"wp","href":"https:\/\/api.w.org\/{rel}","templated":true}]}}